{"id":1134,"date":"2024-09-07T08:26:35","date_gmt":"2024-09-07T08:26:35","guid":{"rendered":"https:\/\/www.nutrium.se\/?page_id=1134"},"modified":"2024-09-07T21:53:03","modified_gmt":"2024-09-07T21:53:03","slug":"privacy-policy","status":"publish","type":"page","link":"https:\/\/www.nutrium.se\/?page_id=1134","title":{"rendered":"Privacy Policy"},"content":{"rendered":"\t\t<div data-elementor-type=\"wp-page\" data-elementor-id=\"1134\" class=\"elementor elementor-1134\">\n\t\t\t\t<div class=\"elementor-element elementor-element-d497e8c e-flex e-con-boxed e-con e-parent\" data-id=\"d497e8c\" data-element_type=\"container\">\n\t\t\t\t\t<div class=\"e-con-inner\">\n\t\t\t\t\t<\/div>\n\t\t\t\t<\/div>\n\t\t<div class=\"elementor-element elementor-element-eda96b6 e-flex e-con-boxed e-con e-parent\" data-id=\"eda96b6\" data-element_type=\"container\">\n\t\t\t\t\t<div class=\"e-con-inner\">\n\t\t<div class=\"elementor-element elementor-element-c5b9a67 e-con-full e-flex e-con e-child\" data-id=\"c5b9a67\" data-element_type=\"container\">\n\t\t\t\t<div class=\"elementor-element elementor-element-f5e5ae9 elementor-widget elementor-widget-spacer\" data-id=\"f5e5ae9\" data-element_type=\"widget\" data-widget_type=\"spacer.default\">\n\t\t\t\t<div class=\"elementor-widget-container\">\n\t\t\t\t\t\t\t<div class=\"elementor-spacer\">\n\t\t\t<div class=\"elementor-spacer-inner\"><\/div>\n\t\t<\/div>\n\t\t\t\t\t\t<\/div>\n\t\t\t\t<\/div>\n\t\t\t\t<div class=\"elementor-element elementor-element-20952c7 elementor-widget elementor-widget-heading\" data-id=\"20952c7\" data-element_type=\"widget\" data-widget_type=\"heading.default\">\n\t\t\t\t<div class=\"elementor-widget-container\">\n\t\t\t\t\t<h2 class=\"elementor-heading-title elementor-size-default\">Integritetspolicy<\/h2>\t\t\t\t<\/div>\n\t\t\t\t<\/div>\n\t\t\t\t<div class=\"elementor-element elementor-element-784d055 elementor-widget elementor-widget-text-editor\" data-id=\"784d055\" data-element_type=\"widget\" data-widget_type=\"text-editor.default\">\n\t\t\t\t<div class=\"elementor-widget-container\">\n\t\t\t\t\t\t\t\t\t<p data-sourcepos=\"5:1-5:336\">Denna integritetspolicy beskriver hur Nutrium AB (&#8220;vi&#8221;, &#8220;oss&#8221; eller &#8220;v\u00e5r&#8221;) samlar in, anv\u00e4nder, lagrar och delar dina personuppgifter i samband med v\u00e5r SaaS-tj\u00e4nst Nutrium. Vi \u00e4r engagerade i att skydda din integritet och f\u00f6lja till\u00e4mpliga lagar och f\u00f6rordningar, inklusive GDPR, MDR 2017\/745, patientdatalagen, ISO 27001 och ISO 13485.<\/p><p data-sourcepos=\"7:1-7:31\"><strong>1. Information vi samlar in<\/strong><\/p><p data-sourcepos=\"9:1-9:50\">Vi kan samla in f\u00f6ljande typer av personuppgifter:<\/p><ul data-sourcepos=\"11:1-20:0\"><li data-sourcepos=\"11:1-11:131\"><strong>Kontoinformation:<\/strong> Namn, e-postadress, f\u00f6retagsnamn, faktureringsadress, etc., som kr\u00e4vs f\u00f6r att skapa och hantera ditt konto.<\/li><li data-sourcepos=\"12:1-12:179\"><strong>Begr\u00e4nsad anv\u00e4ndningsdata:<\/strong> Information om hur du anv\u00e4nder v\u00e5r SaaS-tj\u00e4nst Nutrium, inklusive IP-adress, enhetsinformation, webbl\u00e4sartyp, inloggningstider, funktioner som anv\u00e4nds, etc.<\/li><li data-sourcepos=\"13:1-13:163\"><strong>Kommunikationsdata:<\/strong> Information som du tillhandah\u00e5ller n\u00e4r du kommunicerar med oss, inklusive e-postmeddelanden, supportf\u00f6rfr\u00e5gningar, etc.<\/li><li data-sourcepos=\"14:1-20:0\"><strong>H\u00e4lsodata:<\/strong> Information som du laddar upp, skapar eller genererar inom v\u00e5r SaaS-tj\u00e4nst Nutrium, inklusive bl.a.:<br \/><ul data-sourcepos=\"15:5-20:0\"><li data-sourcepos=\"15:5-15:16\">Patient-ID<\/li><li data-sourcepos=\"16:5-16:10\">Tillv\u00e4xtdata<\/li><li data-sourcepos=\"16:5-16:10\">Nutritionsdata<\/li><li data-sourcepos=\"19:5-20:0\">Information om patienters m\u00f6drar och br\u00f6stmj\u00f6lk<\/li><\/ul><\/li><\/ul><p data-sourcepos=\"21:1-21:38\"><strong>2. Hur vi anv\u00e4nder din information<\/strong><\/p><p data-sourcepos=\"23:1-23:57\">Vi kan anv\u00e4nda dina personuppgifter f\u00f6r f\u00f6ljande \u00e4ndam\u00e5l:<\/p><ul data-sourcepos=\"25:1-30:0\"><li data-sourcepos=\"25:1-25:176\"><strong>Tillhandah\u00e5lla och f\u00f6rb\u00e4ttra v\u00e5r SaaS-tj\u00e4nst Nutrium:<\/strong> F\u00f6r att leverera SaaS-tj\u00e4nsten, anpassa din upplevelse, analysera anv\u00e4ndningsm\u00f6nster och f\u00f6rb\u00e4ttra v\u00e5ra erbjudanden.<\/li><li data-sourcepos=\"26:1-26:171\"><strong>Kommunikation:<\/strong> F\u00f6r att skicka dig viktig information om v\u00e5r SaaS-tj\u00e4nst Nutrium, uppdateringar, och svara p\u00e5 dina fr\u00e5gor.<\/li><li data-sourcepos=\"27:1-27:111\"><strong>Fakturering och betalningar:<\/strong> F\u00f6r att hantera betalningar och skicka fakturor f\u00f6r v\u00e5r SaaS-tj\u00e4nst Nutrium.<\/li><li data-sourcepos=\"28:1-28:139\"><strong>Uppfylla lagkrav:<\/strong> F\u00f6r att f\u00f6lja till\u00e4mpliga lagar, f\u00f6rordningar och juridiska processer, inklusive MDR 2017\/745 och patientdatalagen.<\/li><li data-sourcepos=\"29:1-30:0\"><strong>Skydda v\u00e5ra r\u00e4ttigheter:<\/strong> F\u00f6r att skydda v\u00e5ra r\u00e4ttigheter, egendom och s\u00e4kerhet, samt r\u00e4ttigheterna, egendomen och s\u00e4kerheten f\u00f6r v\u00e5ra anv\u00e4ndare och andra.<\/li><\/ul><p data-sourcepos=\"31:1-31:36\"><strong>3. R\u00e4ttslig grund f\u00f6r behandling<\/strong><\/p><p data-sourcepos=\"33:1-33:72\">Vi behandlar dina personuppgifter baserat p\u00e5 f\u00f6ljande r\u00e4ttsliga grunder:<\/p><ul data-sourcepos=\"35:1-40:0\"><li data-sourcepos=\"35:1-35:134\"><strong>Samtycke:<\/strong> Vi kommer att be om ditt samtycke innan vi behandlar dina personuppgifter f\u00f6r specifika \u00e4ndam\u00e5l, s\u00e5som marknadsf\u00f6ring.<\/li><li data-sourcepos=\"36:1-36:162\"><strong>Avtalsenlighet:<\/strong> Vi kan behandla dina personuppgifter f\u00f6r att uppfylla v\u00e5ra avtalsf\u00f6rpliktelser gentemot dig, s\u00e5som att tillhandah\u00e5lla SaaS-tj\u00e4nsten Nutrium.<\/li><li data-sourcepos=\"37:1-37:174\"><strong>R\u00e4ttslig f\u00f6rpliktelse:<\/strong> Vi kan behandla dina personuppgifter f\u00f6r att uppfylla v\u00e5ra r\u00e4ttsliga f\u00f6rpliktelser, inklusive de som f\u00f6ljer av MDR 2017\/745 och patientdatalagen.<\/li><li data-sourcepos=\"38:1-38:298\"><strong>Ber\u00e4ttigat intresse:<\/strong> Vi kan behandla dina personuppgifter n\u00e4r det \u00e4r n\u00f6dv\u00e4ndigt f\u00f6r v\u00e5ra ber\u00e4ttigade intressen, s\u00e5som att f\u00f6rb\u00e4ttra v\u00e5r SaaS-tj\u00e4nst Nutrium och skydda v\u00e5ra r\u00e4ttigheter, f\u00f6rutsatt att dina intressen eller grundl\u00e4ggande r\u00e4ttigheter och friheter inte \u00e5sidos\u00e4tter dessa intressen.<\/li><li data-sourcepos=\"39:1-40:0\"><strong>Behandling av h\u00e4lsodata:<\/strong> Vi behandlar h\u00e4lsodata endast med ditt explicita samtycke eller n\u00e4r det \u00e4r n\u00f6dv\u00e4ndigt f\u00f6r att tillhandah\u00e5lla h\u00e4lso- och sjukv\u00e5rd eller f\u00f6r att skydda dina eller andras vitala intressen, i enlighet med patientdatalagen.<\/li><\/ul><p data-sourcepos=\"41:1-41:32\"><strong>4. Delning av dina uppgifter<\/strong><\/p><p data-sourcepos=\"43:1-43:53\">Vi kan dela dina personuppgifter med f\u00f6ljande parter:<\/p><ul data-sourcepos=\"45:1-48:0\"><li data-sourcepos=\"45:1-45:353\"><strong>Tj\u00e4nsteleverant\u00f6rer:<\/strong> Vi kan komma att nyttja tredje part f\u00f6r att tillhandah\u00e5lla s\u00e4ker hosting av v\u00e5r databas eller hj\u00e4lper oss att underh\u00e5lla och f\u00f6rb\u00e4ttra v\u00e5ra produkter. Dessa tredje parter har \u00e5tagit sig att f\u00f6lja v\u00e5ra s\u00e4kerhetskrav och behandla dina uppgifter konfidentiellt samt har strikta tekniska och organisatoriska \u00e5tg\u00e4rder p\u00e5 plats f\u00f6r att skydda dina uppgifter.<\/li><li data-sourcepos=\"46:1-46:152\"><strong>Myndigheter:<\/strong> Vi kan dela dina personuppgifter med myndigheter om det kr\u00e4vs enligt lag eller f\u00f6r att skydda v\u00e5ra r\u00e4ttigheter eller andras s\u00e4kerhet.<\/li><li data-sourcepos=\"47:1-48:0\"><strong>Andra anv\u00e4ndare (om till\u00e4mpligt):<\/strong> Beroende p\u00e5 funktionerna i v\u00e5r SaaS-tj\u00e4nst Nutrium kan du v\u00e4lja att dela vissa uppgifter med andra sjukhus eller nyttja dessa f\u00f6r forskning. Ni kommer endast att dela personuppgifter genom samtycke eller om det \u00e4r n\u00f6dv\u00e4ndigt f\u00f6r att tillhandah\u00e5lla tj\u00e4nsten.<\/li><\/ul><p data-sourcepos=\"49:1-49:16\"><strong>5. Dataskydd<\/strong><\/p><p data-sourcepos=\"51:1-51:613\">Vi implementerar <span class=\"citation-0 citation-end-0\">l\u00e4mpliga tekniska och organisatoriska \u00e5tg\u00e4rder f\u00f6r att skydda dina personuppgifter mot obeh\u00f6rig \u00e5tkomst, anv\u00e4ndning, \u00e4ndring<\/span> eller f\u00f6rst\u00f6relse. Dessa \u00e5tg\u00e4rder \u00e4r i linje med ISO 27001 och inkluderar, men \u00e4r inte begr\u00e4nsade till, kryptering, \u00e5tkomstkontroll, regelbundna s\u00e4kerhetsuppdateringar och utbildning av personal. Vi arbetar i enlighet med principerna i ISO 13485 f\u00f6r att s\u00e4kerst\u00e4lla kvalitet och s\u00e4kerhet i v\u00e5r hantering av medicintekniska produkter och d\u00e4rmed relaterade personuppgifter. Vi har \u00e4ven implementerat s\u00e4rskilda s\u00e4kerhets\u00e5tg\u00e4rder f\u00f6r att skydda h\u00e4lsodata i enlighet med patientdatalagen.<span class=\"button-container ng-star-inserted\">\u00a0 \u00a0<\/span><\/p><p data-sourcepos=\"53:1-53:23\"><strong>6. Dina r\u00e4ttigheter<\/strong><\/p><p data-sourcepos=\"55:1-55:58\">Du har f\u00f6ljande r\u00e4ttigheter avseende dina personuppgifter:<\/p><ul data-sourcepos=\"57:1-63:0\"><li data-sourcepos=\"57:1-57:101\"><strong>R\u00e4tt till tillg\u00e5ng:<\/strong> Du har r\u00e4tt att beg\u00e4ra tillg\u00e5ng till dina personuppgifter som vi behandlar.<\/li><li data-sourcepos=\"58:1-58:131\"><strong>R\u00e4tt till r\u00e4ttelse:<\/strong> Du har r\u00e4tt att beg\u00e4ra att vi korrigerar eventuella felaktiga eller ofullst\u00e4ndiga personuppgifter om dig.<\/li><li data-sourcepos=\"59:1-59:112\"><strong>R\u00e4tt till radering:<\/strong> Du har r\u00e4tt att beg\u00e4ra att vi raderar dina personuppgifter under vissa omst\u00e4ndigheter.<\/li><li data-sourcepos=\"60:1-60:160\"><strong>R\u00e4tt <span class=\"citation-1\">till begr\u00e4nsning av behandling:<\/span><\/strong><span class=\"citation-1 citation-end-1\"> Du har r\u00e4tt att beg\u00e4ra att vi begr\u00e4nsar behandlingen av dina personuppgifter under vissa<\/span> omst\u00e4ndigheter.<span class=\"button-container ng-star-inserted\">\u00a0 \u00a0<\/span><\/li><li data-sourcepos=\"60:1-60:160\"><strong>R\u00e4tt till dataportabilitet:<\/strong> Du har r\u00e4tt att beg\u00e4ra att vi tillhandah\u00e5ller dina personuppgifter i ett strukturerat, allm\u00e4nt anv\u00e4nt och maskinl\u00e4sbart format.<\/li><li data-sourcepos=\"62:1-63:0\"><strong>R\u00e4tt att inv\u00e4nda:<\/strong> Du har r\u00e4tt att inv\u00e4nda mot behandlingen av dina personuppgifter under vissa omst\u00e4ndigheter.<\/li><\/ul><p data-sourcepos=\"64:1-64:32\"><strong>7. Lagring av dina uppgifter<\/strong><\/p><p data-sourcepos=\"66:1-66:277\">Vi kommer att lagra dina personuppgifter s\u00e5 l\u00e4nge det \u00e4r n\u00f6dv\u00e4ndigt f\u00f6r att uppfylla de \u00e4ndam\u00e5l f\u00f6r vilka de samlades in, eller s\u00e5 l\u00e4nge det kr\u00e4vs enligt lag, inklusive patientdatalagen. Vi har en datalagringspolicy som beskriver v\u00e5ra lagringsperioder f\u00f6r olika typer av data.<\/p><p data-sourcepos=\"68:1-68:31\"><strong>8. \u00c4ndringar i denna policy<\/strong><\/p><p data-sourcepos=\"70:1-70:233\">Vi kan uppdatera denna integritetspolicy fr\u00e5n tid till annan. Vi kommer att meddela dig om eventuella v\u00e4sentliga \u00e4ndringar genom att publicera den uppdaterade policyn p\u00e5 v\u00e5r webbplats eller genom andra l\u00e4mpliga kommunikationskanaler.<\/p><p data-sourcepos=\"72:1-72:25\"><strong>9. Kontaktinformation<\/strong><\/p><p data-sourcepos=\"74:1-74:248\"><span class=\"citation-2 citation-end-2\">Om du har n\u00e5gra fr\u00e5gor eller funderingar kring denna integritetspolicy eller v\u00e5r behandling av dina personuppgifter, v\u00e4nligen kontakta oss p\u00e5<\/span> info@nutrium.se eller v\u00e5rt dataskyddsombud p\u00e5 info@nutrium.se.<span class=\"button-container ng-star-inserted\">\u00a0 \u00a0<\/span><\/p><p data-sourcepos=\"76:1-76:41\"><strong>10. Ingen \u00f6verf\u00f6ring till tredje land<\/strong><\/p><p data-sourcepos=\"78:1-78:107\">Vi \u00f6verf\u00f6r inte dina personuppgifter till l\u00e4nder utanf\u00f6r EU\/EES eller till internationella organisationer.<\/p>\t\t\t\t\t\t\t\t<\/div>\n\t\t\t\t<\/div>\n\t\t\t\t<div class=\"elementor-element elementor-element-9e5f8b2 elementor-widget elementor-widget-spacer\" data-id=\"9e5f8b2\" data-element_type=\"widget\" data-widget_type=\"spacer.default\">\n\t\t\t\t<div class=\"elementor-widget-container\">\n\t\t\t\t\t\t\t<div class=\"elementor-spacer\">\n\t\t\t<div class=\"elementor-spacer-inner\"><\/div>\n\t\t<\/div>\n\t\t\t\t\t\t<\/div>\n\t\t\t\t<\/div>\n\t\t\t\t<\/div>\n\t\t<div class=\"elementor-element elementor-element-15e0a82 e-con-full e-flex e-con e-child\" data-id=\"15e0a82\" data-element_type=\"container\">\n\t\t\t\t<\/div>\n\t\t\t\t\t<\/div>\n\t\t\t\t<\/div>\n\t\t\t\t<\/div>\n\t\t","protected":false},"excerpt":{"rendered":"<p>Integritetspolicy Denna integritetspolicy beskriver hur Nutrium AB (&#8220;vi&#8221;, &#8220;oss&#8221; eller &#8220;v\u00e5r&#8221;) samlar in, anv\u00e4nder, lagrar och delar dina personuppgifter i samband med v\u00e5r SaaS-tj\u00e4nst Nutrium. Vi \u00e4r engagerade i att skydda din integritet och f\u00f6lja till\u00e4mpliga lagar och f\u00f6rordningar, inklusive GDPR, MDR 2017\/745, patientdatalagen, ISO 27001 och ISO 13485. 1. Information vi samlar in Vi [&hellip;]<\/p>\n","protected":false},"author":3,"featured_media":0,"parent":0,"menu_order":0,"comment_status":"closed","ping_status":"closed","template":"","meta":{"ocean_post_layout":"","ocean_both_sidebars_style":"","ocean_both_sidebars_content_width":0,"ocean_both_sidebars_sidebars_width":0,"ocean_sidebar":"","ocean_second_sidebar":"","ocean_disable_margins":"enable","ocean_add_body_class":"","ocean_shortcode_before_top_bar":"","ocean_shortcode_after_top_bar":"","ocean_shortcode_before_header":"","ocean_shortcode_after_header":"","ocean_has_shortcode":"","ocean_shortcode_after_title":"","ocean_shortcode_before_footer_widgets":"","ocean_shortcode_after_footer_widgets":"","ocean_shortcode_before_footer_bottom":"","ocean_shortcode_after_footer_bottom":"","ocean_display_top_bar":"default","ocean_display_header":"default","ocean_header_style":"","ocean_center_header_left_menu":"","ocean_custom_header_template":"","ocean_custom_logo":0,"ocean_custom_retina_logo":0,"ocean_custom_logo_max_width":0,"ocean_custom_logo_tablet_max_width":0,"ocean_custom_logo_mobile_max_width":0,"ocean_custom_logo_max_height":0,"ocean_custom_logo_tablet_max_height":0,"ocean_custom_logo_mobile_max_height":0,"ocean_header_custom_menu":"","ocean_menu_typo_font_family":"","ocean_menu_typo_font_subset":"","ocean_menu_typo_font_size":0,"ocean_menu_typo_font_size_tablet":0,"ocean_menu_typo_font_size_mobile":0,"ocean_menu_typo_font_size_unit":"px","ocean_menu_typo_font_weight":"","ocean_menu_typo_font_weight_tablet":"","ocean_menu_typo_font_weight_mobile":"","ocean_menu_typo_transform":"","ocean_menu_typo_transform_tablet":"","ocean_menu_typo_transform_mobile":"","ocean_menu_typo_line_height":0,"ocean_menu_typo_line_height_tablet":0,"ocean_menu_typo_line_height_mobile":0,"ocean_menu_typo_line_height_unit":"","ocean_menu_typo_spacing":0,"ocean_menu_typo_spacing_tablet":0,"ocean_menu_typo_spacing_mobile":0,"ocean_menu_typo_spacing_unit":"","ocean_menu_link_color":"","ocean_menu_link_color_hover":"","ocean_menu_link_color_active":"","ocean_menu_link_background":"","ocean_menu_link_hover_background":"","ocean_menu_link_active_background":"","ocean_menu_social_links_bg":"","ocean_menu_social_hover_links_bg":"","ocean_menu_social_links_color":"","ocean_menu_social_hover_links_color":"","ocean_disable_title":"default","ocean_disable_heading":"default","ocean_post_title":"","ocean_post_subheading":"","ocean_post_title_style":"","ocean_post_title_background_color":"","ocean_post_title_background":0,"ocean_post_title_bg_image_position":"","ocean_post_title_bg_image_attachment":"","ocean_post_title_bg_image_repeat":"","ocean_post_title_bg_image_size":"","ocean_post_title_height":0,"ocean_post_title_bg_overlay":0.5,"ocean_post_title_bg_overlay_color":"","ocean_disable_breadcrumbs":"default","ocean_breadcrumbs_color":"","ocean_breadcrumbs_separator_color":"","ocean_breadcrumbs_links_color":"","ocean_breadcrumbs_links_hover_color":"","ocean_display_footer_widgets":"default","ocean_display_footer_bottom":"default","ocean_custom_footer_template":"","footnotes":""},"class_list":["post-1134","page","type-page","status-publish","hentry","entry"],"_links":{"self":[{"href":"https:\/\/www.nutrium.se\/index.php?rest_route=\/wp\/v2\/pages\/1134","targetHints":{"allow":["GET"]}}],"collection":[{"href":"https:\/\/www.nutrium.se\/index.php?rest_route=\/wp\/v2\/pages"}],"about":[{"href":"https:\/\/www.nutrium.se\/index.php?rest_route=\/wp\/v2\/types\/page"}],"author":[{"embeddable":true,"href":"https:\/\/www.nutrium.se\/index.php?rest_route=\/wp\/v2\/users\/3"}],"replies":[{"embeddable":true,"href":"https:\/\/www.nutrium.se\/index.php?rest_route=%2Fwp%2Fv2%2Fcomments&post=1134"}],"version-history":[{"count":13,"href":"https:\/\/www.nutrium.se\/index.php?rest_route=\/wp\/v2\/pages\/1134\/revisions"}],"predecessor-version":[{"id":1354,"href":"https:\/\/www.nutrium.se\/index.php?rest_route=\/wp\/v2\/pages\/1134\/revisions\/1354"}],"wp:attachment":[{"href":"https:\/\/www.nutrium.se\/index.php?rest_route=%2Fwp%2Fv2%2Fmedia&parent=1134"}],"curies":[{"name":"wp","href":"https:\/\/api.w.org\/{rel}","templated":true}]}}