{"id":1119,"date":"2024-09-07T08:00:12","date_gmt":"2024-09-07T08:00:12","guid":{"rendered":"https:\/\/www.nutrium.se\/?page_id=1119"},"modified":"2024-09-08T17:50:35","modified_gmt":"2024-09-08T17:50:35","slug":"forskning","status":"publish","type":"page","link":"https:\/\/www.nutrium.se\/?page_id=1119","title":{"rendered":"Forskning"},"content":{"rendered":"\t\t<div data-elementor-type=\"wp-page\" data-elementor-id=\"1119\" class=\"elementor elementor-1119\">\n\t\t\t\t<div class=\"elementor-element elementor-element-9248e82 e-flex e-con-boxed e-con e-parent\" data-id=\"9248e82\" data-element_type=\"container\">\n\t\t\t\t\t<div class=\"e-con-inner\">\n\t\t<div class=\"elementor-element elementor-element-0245a5f e-con-full e-flex e-con e-child\" data-id=\"0245a5f\" data-element_type=\"container\">\n\t\t\t\t<div class=\"elementor-element elementor-element-963e280 elementor-widget elementor-widget-image\" data-id=\"963e280\" data-element_type=\"widget\" data-widget_type=\"image.default\">\n\t\t\t\t<div class=\"elementor-widget-container\">\n\t\t\t\t\t\t\t\t\t\t\t\t\t\t\t<img fetchpriority=\"high\" decoding=\"async\" width=\"1024\" height=\"381\" src=\"https:\/\/www.nutrium.se\/wp-content\/uploads\/file-2.jpg\" class=\"attachment-large size-large wp-image-1317\" alt=\"Forskning\" \/>\t\t\t\t\t\t\t\t\t\t\t\t\t\t\t<\/div>\n\t\t\t\t<\/div>\n\t\t\t\t<div class=\"elementor-element elementor-element-1e8d171 elementor-widget elementor-widget-heading\" data-id=\"1e8d171\" data-element_type=\"widget\" data-widget_type=\"heading.default\">\n\t\t\t\t<div class=\"elementor-widget-container\">\n\t\t\t\t\t<h1 class=\"elementor-heading-title elementor-size-default\">Kvalitetsf\u00f6rb\u00e4ttring , evidens och forskning<\/h1>\t\t\t\t<\/div>\n\t\t\t\t<\/div>\n\t\t\t\t<div class=\"elementor-element elementor-element-b6c6772 elementor-widget elementor-widget-text-editor\" data-id=\"b6c6772\" data-element_type=\"widget\" data-widget_type=\"text-editor.default\">\n\t\t\t\t<div class=\"elementor-widget-container\">\n\t\t\t\t\t\t\t\t\t<p class=\"x_MsoNormal\">Nutrium har sedan 2007 framg\u00e5ngsrikt anv\u00e4nts f\u00f6r kvalitetsf\u00f6rb\u00e4ttring inom svensk neonatalsjukv\u00e5rd och har lett till att v\u00e5ra patienter idag f\u00e5r en betydligt b\u00e4ttre n\u00e4ringstillf\u00f6rsel \u00e4n f\u00f6r 10-20 \u00e5r sedan. Nutrium inneh\u00e5ller alltid de senaste svenska och europeiska rekommendationerna f\u00f6r enteral och parenteral nutrition.<\/p><p class=\"x_MsoNormal\">Till skillnad fr\u00e5n de flesta andra IT-st\u00f6d som anv\u00e4nds inom v\u00e5rden, finns faktiskt vetenskapliga evidens f\u00f6r att Nutrium systemet har en positiv effekt p\u00e5 patienternas h\u00e4lsa. En vetenskaplig artikel visar p\u00e5 den mycket tydliga f\u00f6rb\u00e4ttringen av n\u00e4ringstillf\u00f6rsel och tillv\u00e4xt (l\u00e4ngd, vikt, huvudomf\u00e5ng) som man observerade hos mycket prematurf\u00f6dda barn (&lt; 32 v) n\u00e4r Nutrium inf\u00f6rdes p\u00e5 neonatalavdelningen i Eskilstuna. <a href=\"https:\/\/www.nutrium.se\/wp-content\/uploads\/Wackernagel-2015-komprimerad.pdf\" target=\"_blank\" rel=\"noopener\"><strong>Klicka h\u00e4r<\/strong><\/a> f\u00f6r att l\u00e4sa mer.<\/p>\t\t\t\t\t\t\t\t<\/div>\n\t\t\t\t<\/div>\n\t\t\t\t<div class=\"elementor-element elementor-element-fd51fc7 elementor-widget elementor-widget-text-editor\" data-id=\"fd51fc7\" data-element_type=\"widget\" data-widget_type=\"text-editor.default\">\n\t\t\t\t<div class=\"elementor-widget-container\">\n\t\t\t\t\t\t\t\t\t<p class=\"x_MsoNormal\">Dessutom har Nutrium visat sig vara ett ov\u00e4rderligt verktyg f\u00f6r kliniska forskningsprojekt och har anv\u00e4nts i ett stort antal vetenskapliga arbeten.<\/p>\t\t\t\t\t\t\t\t<\/div>\n\t\t\t\t<\/div>\n\t\t\t\t<div class=\"elementor-element elementor-element-99414b0 elementor-widget elementor-widget-heading\" data-id=\"99414b0\" data-element_type=\"widget\" data-widget_type=\"heading.default\">\n\t\t\t\t<div class=\"elementor-widget-container\">\n\t\t\t\t\t<h2 class=\"elementor-heading-title elementor-size-default\">Nyfiken p\u00e5 Nutrium f\u00f6r forskning?<\/h2>\t\t\t\t<\/div>\n\t\t\t\t<\/div>\n\t\t\t\t<div class=\"elementor-element elementor-element-151bf6e elementor-widget elementor-widget-text-editor\" data-id=\"151bf6e\" data-element_type=\"widget\" data-widget_type=\"text-editor.default\">\n\t\t\t\t<div class=\"elementor-widget-container\">\n\t\t\t\t\t\t\t\t\t<p>F\u00f6r mer information om v\u00e5ra p\u00e5g\u00e5ende forskningsprojekt eller f\u00f6r att diskutera m\u00f6jligheter att anv\u00e4nda Nutrium i er forskning, v\u00e4nligen kontakta oss p\u00e5 info@nutrium.se.<\/p>\t\t\t\t\t\t\t\t<\/div>\n\t\t\t\t<\/div>\n\t\t\t\t<div class=\"elementor-element elementor-element-41ecd56 elementor-widget elementor-widget-spacer\" data-id=\"41ecd56\" data-element_type=\"widget\" data-widget_type=\"spacer.default\">\n\t\t\t\t<div class=\"elementor-widget-container\">\n\t\t\t\t\t\t\t<div class=\"elementor-spacer\">\n\t\t\t<div class=\"elementor-spacer-inner\"><\/div>\n\t\t<\/div>\n\t\t\t\t\t\t<\/div>\n\t\t\t\t<\/div>\n\t\t\t\t<\/div>\n\t\t<div class=\"elementor-element elementor-element-29052f4 e-con-full e-flex e-con e-child\" data-id=\"29052f4\" data-element_type=\"container\">\n\t\t\t\t<div class=\"elementor-element elementor-element-f35bd93 elementor-widget elementor-widget-sidebar\" data-id=\"f35bd93\" data-element_type=\"widget\" data-widget_type=\"sidebar.default\">\n\t\t\t\t<div class=\"elementor-widget-container\">\n\t\t\t\t\t<div id=\"recent-posts-widget-with-thumbnails-3\" class=\"sidebar-box recent-posts-widget-with-thumbnails clr\">\n<div id=\"rpwwt-recent-posts-widget-with-thumbnails-3\" class=\"rpwwt-widget\">\r\n<h4 class=\"widget-title\">Nyheter<\/h4>\n\t<ul>\r\n\t\t<li><a href=\"https:\/\/www.nutrium.se\/?p=376\"><span class=\"rpwwt-post-title\">2024\/09\/03: Viktigt meddelande: Planerat underh\u00e5ll av hemsidan 7-8\/9<\/span><\/a><div class=\"rpwwt-post-excerpt\">Hemsidan Nutrium.se kommer vara otillg\u00e4nglig den 7-8 september p\u00e5 grund av underh\u00e5ll. Vi ber om urs\u00e4kt f\u00f6r eventuella ol\u00e4genheter.<span class=\"rpwwt-post-excerpt-more\"> [\u2026]<\/span><\/div><\/li>\r\n\t\t<li><a href=\"https:\/\/www.nutrium.se\/?p=356\"><span class=\"rpwwt-post-title\">Nutrium &#8211; Desktop-applikation<\/span><\/a><div class=\"rpwwt-post-excerpt\">Nutrium\u00a0kan nu laddas ner som desktop-applikation via MSI.\n\nDownload\nDesktop application<span class=\"rpwwt-post-excerpt-more\"> [\u2026]<\/span><\/div><\/li>\r\n\t<\/ul>\r\n<\/div><!-- .rpwwt-widget -->\r\n<\/div>\t\t\t\t<\/div>\n\t\t\t\t<\/div>\n\t\t\t\t<\/div>\n\t\t\t\t\t<\/div>\n\t\t\t\t<\/div>\n\t\t\t\t<\/div>\n\t\t","protected":false},"excerpt":{"rendered":"<p>Kvalitetsf\u00f6rb\u00e4ttring , evidens och forskning Nutrium har sedan 2007 framg\u00e5ngsrikt anv\u00e4nts f\u00f6r kvalitetsf\u00f6rb\u00e4ttring inom svensk neonatalsjukv\u00e5rd och har lett till att v\u00e5ra patienter idag f\u00e5r en betydligt b\u00e4ttre n\u00e4ringstillf\u00f6rsel \u00e4n f\u00f6r 10-20 \u00e5r sedan. Nutrium inneh\u00e5ller alltid de senaste svenska och europeiska rekommendationerna f\u00f6r enteral och parenteral nutrition. Till skillnad fr\u00e5n de flesta andra IT-st\u00f6d [&hellip;]<\/p>\n","protected":false},"author":3,"featured_media":0,"parent":0,"menu_order":0,"comment_status":"closed","ping_status":"closed","template":"","meta":{"ocean_post_layout":"","ocean_both_sidebars_style":"","ocean_both_sidebars_content_width":0,"ocean_both_sidebars_sidebars_width":0,"ocean_sidebar":"","ocean_second_sidebar":"","ocean_disable_margins":"enable","ocean_add_body_class":"","ocean_shortcode_before_top_bar":"","ocean_shortcode_after_top_bar":"","ocean_shortcode_before_header":"","ocean_shortcode_after_header":"","ocean_has_shortcode":"","ocean_shortcode_after_title":"","ocean_shortcode_before_footer_widgets":"","ocean_shortcode_after_footer_widgets":"","ocean_shortcode_before_footer_bottom":"","ocean_shortcode_after_footer_bottom":"","ocean_display_top_bar":"default","ocean_display_header":"default","ocean_header_style":"","ocean_center_header_left_menu":"","ocean_custom_header_template":"","ocean_custom_logo":0,"ocean_custom_retina_logo":0,"ocean_custom_logo_max_width":0,"ocean_custom_logo_tablet_max_width":0,"ocean_custom_logo_mobile_max_width":0,"ocean_custom_logo_max_height":0,"ocean_custom_logo_tablet_max_height":0,"ocean_custom_logo_mobile_max_height":0,"ocean_header_custom_menu":"","ocean_menu_typo_font_family":"","ocean_menu_typo_font_subset":"","ocean_menu_typo_font_size":0,"ocean_menu_typo_font_size_tablet":0,"ocean_menu_typo_font_size_mobile":0,"ocean_menu_typo_font_size_unit":"px","ocean_menu_typo_font_weight":"","ocean_menu_typo_font_weight_tablet":"","ocean_menu_typo_font_weight_mobile":"","ocean_menu_typo_transform":"","ocean_menu_typo_transform_tablet":"","ocean_menu_typo_transform_mobile":"","ocean_menu_typo_line_height":0,"ocean_menu_typo_line_height_tablet":0,"ocean_menu_typo_line_height_mobile":0,"ocean_menu_typo_line_height_unit":"","ocean_menu_typo_spacing":0,"ocean_menu_typo_spacing_tablet":0,"ocean_menu_typo_spacing_mobile":0,"ocean_menu_typo_spacing_unit":"","ocean_menu_link_color":"","ocean_menu_link_color_hover":"","ocean_menu_link_color_active":"","ocean_menu_link_background":"","ocean_menu_link_hover_background":"","ocean_menu_link_active_background":"","ocean_menu_social_links_bg":"","ocean_menu_social_hover_links_bg":"","ocean_menu_social_links_color":"","ocean_menu_social_hover_links_color":"","ocean_disable_title":"default","ocean_disable_heading":"default","ocean_post_title":"","ocean_post_subheading":"","ocean_post_title_style":"","ocean_post_title_background_color":"","ocean_post_title_background":0,"ocean_post_title_bg_image_position":"","ocean_post_title_bg_image_attachment":"","ocean_post_title_bg_image_repeat":"","ocean_post_title_bg_image_size":"","ocean_post_title_height":0,"ocean_post_title_bg_overlay":0.5,"ocean_post_title_bg_overlay_color":"","ocean_disable_breadcrumbs":"default","ocean_breadcrumbs_color":"","ocean_breadcrumbs_separator_color":"","ocean_breadcrumbs_links_color":"","ocean_breadcrumbs_links_hover_color":"","ocean_display_footer_widgets":"default","ocean_display_footer_bottom":"default","ocean_custom_footer_template":"","footnotes":""},"class_list":["post-1119","page","type-page","status-publish","hentry","entry"],"_links":{"self":[{"href":"https:\/\/www.nutrium.se\/index.php?rest_route=\/wp\/v2\/pages\/1119","targetHints":{"allow":["GET"]}}],"collection":[{"href":"https:\/\/www.nutrium.se\/index.php?rest_route=\/wp\/v2\/pages"}],"about":[{"href":"https:\/\/www.nutrium.se\/index.php?rest_route=\/wp\/v2\/types\/page"}],"author":[{"embeddable":true,"href":"https:\/\/www.nutrium.se\/index.php?rest_route=\/wp\/v2\/users\/3"}],"replies":[{"embeddable":true,"href":"https:\/\/www.nutrium.se\/index.php?rest_route=%2Fwp%2Fv2%2Fcomments&post=1119"}],"version-history":[{"count":10,"href":"https:\/\/www.nutrium.se\/index.php?rest_route=\/wp\/v2\/pages\/1119\/revisions"}],"predecessor-version":[{"id":1412,"href":"https:\/\/www.nutrium.se\/index.php?rest_route=\/wp\/v2\/pages\/1119\/revisions\/1412"}],"wp:attachment":[{"href":"https:\/\/www.nutrium.se\/index.php?rest_route=%2Fwp%2Fv2%2Fmedia&parent=1119"}],"curies":[{"name":"wp","href":"https:\/\/api.w.org\/{rel}","templated":true}]}}