{"id":1090,"date":"2024-09-07T06:46:38","date_gmt":"2024-09-07T06:46:38","guid":{"rendered":"https:\/\/www.nutrium.se\/?page_id=1090"},"modified":"2025-02-04T08:27:56","modified_gmt":"2025-02-04T08:27:56","slug":"nutrium","status":"publish","type":"page","link":"https:\/\/www.nutrium.se\/","title":{"rendered":"Nutrium"},"content":{"rendered":"\t\t<div data-elementor-type=\"wp-page\" data-elementor-id=\"1090\" class=\"elementor elementor-1090\">\n\t\t\t\t<div class=\"elementor-element elementor-element-f8a2692 e-flex e-con-boxed e-con e-parent\" data-id=\"f8a2692\" data-element_type=\"container\">\n\t\t\t\t\t<div class=\"e-con-inner\">\n\t\t<div class=\"elementor-element elementor-element-4af778d e-flex e-con-boxed e-con e-child\" data-id=\"4af778d\" data-element_type=\"container\">\n\t\t\t\t\t<div class=\"e-con-inner\">\n\t\t\t\t<div class=\"elementor-element elementor-element-d228784 elementor-widget elementor-widget-image\" data-id=\"d228784\" data-element_type=\"widget\" data-widget_type=\"image.default\">\n\t\t\t\t<div class=\"elementor-widget-container\">\n\t\t\t\t\t\t\t\t\t\t\t\t\t\t\t<img fetchpriority=\"high\" decoding=\"async\" width=\"1024\" height=\"381\" src=\"https:\/\/www.nutrium.se\/wp-content\/uploads\/AdobeStock_167195031.jpg\" class=\"attachment-large size-large wp-image-1097\" alt=\"\" \/>\t\t\t\t\t\t\t\t\t\t\t\t\t\t\t<\/div>\n\t\t\t\t<\/div>\n\t\t\t\t<div class=\"elementor-element elementor-element-feb9798 elementor-widget elementor-widget-heading\" data-id=\"feb9798\" data-element_type=\"widget\" data-widget_type=\"heading.default\">\n\t\t\t\t<div class=\"elementor-widget-container\">\n\t\t\t\t\t<h1 class=\"elementor-heading-title elementor-size-default\">Nutrium - F\u00f6r neonatal nutrition och tillv\u00e4xt<\/h1>\t\t\t\t<\/div>\n\t\t\t\t<\/div>\n\t\t\t\t<div class=\"elementor-element elementor-element-c99959e elementor-widget elementor-widget-text-editor\" data-id=\"c99959e\" data-element_type=\"widget\" data-widget_type=\"text-editor.default\">\n\t\t\t\t<div class=\"elementor-widget-container\">\n\t\t\t\t\t\t\t\t\t<p data-sourcepos=\"3:1-3:165\">\u00c4ven med dagens avancerade neonatalv\u00e5rd kan det vara en utmaning att s\u00e4kerst\u00e4lla optimal nutrition och tillv\u00e4xt hos f\u00f6r tidigt f\u00f6dda och sjuka nyf\u00f6dda. Tills nu.<\/p><p class=\"x_MsoNormal\">Nutrium revolutionerar neonatalv\u00e5rden genom att erbjuda ett unikt IT-system f\u00f6r kliniskt st\u00f6d och uppf\u00f6ljning av nutrition och tillv\u00e4xt. Systemet anv\u00e4nds av l\u00e4kare, dietister, sjuksk\u00f6terskor och annan v\u00e5rdpersonal p\u00e5 de flesta neonatalavdelningar i Sverige.<\/p><p data-sourcepos=\"7:1-7:58\">Med Nutrium blir n\u00e4ringsber\u00e4kningar enkla och effektiva. Systemet tar h\u00e4nsyn till alla enterala och parenterala n\u00e4ringsprodukter, v\u00e4tskor, n\u00e4ringstillskott, br\u00f6stmj\u00f6lksanalyser och mer, och presenterar en tydlig, visuell \u00f6versikt av intaget av \u00f6ver 30 n\u00e4rings\u00e4mnen. Nutrium ger ocks\u00e5 intelligenta f\u00f6rslag p\u00e5 hur nutritionen kan optimeras f\u00f6r varje barn.<\/p><p data-sourcepos=\"9:1-9:175\">Tillv\u00e4xtkurvor blir mer informativa \u00e4n n\u00e5gonsin. F\u00f6rutom traditionella tillv\u00e4xtkurvor f\u00f6r vikt, l\u00e4ngd och huvudomf\u00e5ng med valfri referens, erbjuder Nutrium \u00e4ven z-score-kurvor f\u00f6r en djupare f\u00f6rst\u00e5else. Nutrium visar \u00e4ven kurvor \u00f6ver hur nutritionen ser ut \u00f6ver tid.<\/p><p class=\"x_MsoNormal\">Nutrium fungerar som praktisk och snabb \u201dr\u00e4knedosa\u201d samtidigt som systemet har alla avancerade funktioner du n\u00e5gonsin kan beh\u00f6va i den kliniska vardagen. Dessutom \u00e4r Nutrium ett kraftfullt verktyg f\u00f6r kvalitetsf\u00f6rb\u00e4ttring och klinisk forskning.<\/p>\t\t\t\t\t\t\t\t<\/div>\n\t\t\t\t<\/div>\n\t\t\t\t\t<\/div>\n\t\t\t\t<\/div>\n\t\t<div class=\"elementor-element elementor-element-dfda1d6 e-con-full e-flex e-con e-child\" data-id=\"dfda1d6\" data-element_type=\"container\">\n\t\t\t\t<div class=\"elementor-element elementor-element-2478a9f elementor-widget elementor-widget-sidebar\" data-id=\"2478a9f\" data-element_type=\"widget\" data-widget_type=\"sidebar.default\">\n\t\t\t\t<div class=\"elementor-widget-container\">\n\t\t\t\t\t<div id=\"recent-posts-widget-with-thumbnails-3\" class=\"sidebar-box recent-posts-widget-with-thumbnails clr\">\n<div id=\"rpwwt-recent-posts-widget-with-thumbnails-3\" class=\"rpwwt-widget\">\r\n<h4 class=\"widget-title\">Nyheter<\/h4>\n\t<ul>\r\n\t\t<li><a href=\"https:\/\/www.nutrium.se\/?p=376\"><span class=\"rpwwt-post-title\">2024\/09\/03: Viktigt meddelande: Planerat underh\u00e5ll av hemsidan 7-8\/9<\/span><\/a><div class=\"rpwwt-post-excerpt\">Hemsidan Nutrium.se kommer vara otillg\u00e4nglig den 7-8 september p\u00e5 grund av underh\u00e5ll. Vi ber om urs\u00e4kt f\u00f6r eventuella ol\u00e4genheter.<span class=\"rpwwt-post-excerpt-more\"> [\u2026]<\/span><\/div><\/li>\r\n\t\t<li><a href=\"https:\/\/www.nutrium.se\/?p=356\"><span class=\"rpwwt-post-title\">Nutrium &#8211; Desktop-applikation<\/span><\/a><div class=\"rpwwt-post-excerpt\">Nutrium\u00a0kan nu laddas ner som desktop-applikation via MSI.\n\nDownload\nDesktop application<span class=\"rpwwt-post-excerpt-more\"> [\u2026]<\/span><\/div><\/li>\r\n\t<\/ul>\r\n<\/div><!-- .rpwwt-widget -->\r\n<\/div>\t\t\t\t<\/div>\n\t\t\t\t<\/div>\n\t\t\t\t<\/div>\n\t\t\t\t\t<\/div>\n\t\t\t\t<\/div>\n\t\t<div class=\"elementor-element elementor-element-c4dcf3d e-flex e-con-boxed e-con e-parent\" data-id=\"c4dcf3d\" data-element_type=\"container\">\n\t\t\t\t\t<div class=\"e-con-inner\">\n\t\t\t\t<div class=\"elementor-element elementor-element-5a94a98 elementor-widget elementor-widget-spacer\" data-id=\"5a94a98\" data-element_type=\"widget\" data-widget_type=\"spacer.default\">\n\t\t\t\t<div class=\"elementor-widget-container\">\n\t\t\t\t\t\t\t<div class=\"elementor-spacer\">\n\t\t\t<div class=\"elementor-spacer-inner\"><\/div>\n\t\t<\/div>\n\t\t\t\t\t\t<\/div>\n\t\t\t\t<\/div>\n\t\t\t\t\t<\/div>\n\t\t\t\t<\/div>\n\t\t<div class=\"elementor-element elementor-element-80642ee e-flex e-con-boxed e-con e-parent\" data-id=\"80642ee\" data-element_type=\"container\" data-settings=\"{&quot;background_background&quot;:&quot;classic&quot;,&quot;shape_divider_top&quot;:&quot;tilt&quot;}\">\n\t\t\t\t\t<div class=\"e-con-inner\">\n\t\t\t\t<div class=\"elementor-shape elementor-shape-top\" data-negative=\"false\">\n\t\t\t<svg xmlns=\"http:\/\/www.w3.org\/2000\/svg\" viewBox=\"0 0 1000 100\" preserveAspectRatio=\"none\">\n\t<path class=\"elementor-shape-fill\" d=\"M0,6V0h1000v100L0,6z\"\/>\n<\/svg>\t\t<\/div>\n\t\t<div class=\"elementor-element elementor-element-847cac6 e-con-full e-flex e-con e-child\" data-id=\"847cac6\" data-element_type=\"container\">\n\t\t\t\t<div class=\"elementor-element elementor-element-ec6dca5 elementor-widget elementor-widget-spacer\" data-id=\"ec6dca5\" data-element_type=\"widget\" data-widget_type=\"spacer.default\">\n\t\t\t\t<div class=\"elementor-widget-container\">\n\t\t\t\t\t\t\t<div class=\"elementor-spacer\">\n\t\t\t<div class=\"elementor-spacer-inner\"><\/div>\n\t\t<\/div>\n\t\t\t\t\t\t<\/div>\n\t\t\t\t<\/div>\n\t\t\t\t<div class=\"elementor-element elementor-element-42d2d98 elementor-widget elementor-widget-heading\" data-id=\"42d2d98\" data-element_type=\"widget\" data-widget_type=\"heading.default\">\n\t\t\t\t<div class=\"elementor-widget-container\">\n\t\t\t\t\t<h1 class=\"elementor-heading-title elementor-size-default\">Vad v\u00e5ra kunder s\u00e4ger<\/h1>\t\t\t\t<\/div>\n\t\t\t\t<\/div>\n\t\t\t\t<div class=\"elementor-element elementor-element-89c2238 elementor-widget elementor-widget-spacer\" data-id=\"89c2238\" data-element_type=\"widget\" data-widget_type=\"spacer.default\">\n\t\t\t\t<div class=\"elementor-widget-container\">\n\t\t\t\t\t\t\t<div class=\"elementor-spacer\">\n\t\t\t<div class=\"elementor-spacer-inner\"><\/div>\n\t\t<\/div>\n\t\t\t\t\t\t<\/div>\n\t\t\t\t<\/div>\n\t\t\t\t<div class=\"elementor-element elementor-element-25170ce elementor-widget elementor-widget-testimonial\" data-id=\"25170ce\" data-element_type=\"widget\" data-widget_type=\"testimonial.default\">\n\t\t\t\t<div class=\"elementor-widget-container\">\n\t\t\t\t\t\t\t<div class=\"elementor-testimonial-wrapper\">\n\t\t\t\t\t\t\t<div class=\"elementor-testimonial-content\">\u201dNutrium underl\u00e4ttar det dagliga arbetet p\u00e5 ett mycket enkelt och smidigt s\u00e4tt. Jag har jobbat med flera olika program f\u00f6r nutritions-ordinationer men aldrig med ett s\u00e5 genomt\u00e4nkt system som Nutrium.\u201d<\/div>\n\t\t\t\n\t\t\t\t\t\t<div class=\"elementor-testimonial-meta elementor-has-image elementor-testimonial-image-position-aside\">\n\t\t\t\t<div class=\"elementor-testimonial-meta-inner\">\n\t\t\t\t\t\t\t\t\t\t\t<div class=\"elementor-testimonial-image\">\n\t\t\t\t\t\t\t<img decoding=\"async\" src=\"https:\/\/www.nutrium.se\/wp-content\/plugins\/elementor\/assets\/images\/placeholder.png\" title=\"\" alt=\"\" loading=\"lazy\" \/>\t\t\t\t\t\t<\/div>\n\t\t\t\t\t\n\t\t\t\t\t\t\t\t\t\t<div class=\"elementor-testimonial-details\">\n\t\t\t\t\t\t\t\t\t\t\t\t\t\t<div class=\"elementor-testimonial-name\">Dirk Wackernagel, MD, PhD<\/div>\n\t\t\t\t\t\t\t\t\t\t\t\t\t\t\t\t\t\t\t\t\t\t<div class=\"elementor-testimonial-job\">Barnl\u00e4kare, Neonatalavdelningen Huddinge<\/div>\n\t\t\t\t\t\t\t\t\t\t\t\t\t<\/div>\n\t\t\t\t\t\t\t\t\t<\/div>\n\t\t\t<\/div>\n\t\t\t\t\t<\/div>\n\t\t\t\t\t\t<\/div>\n\t\t\t\t<\/div>\n\t\t\t\t<div class=\"elementor-element elementor-element-db39fe5 elementor-widget elementor-widget-spacer\" data-id=\"db39fe5\" data-element_type=\"widget\" data-widget_type=\"spacer.default\">\n\t\t\t\t<div class=\"elementor-widget-container\">\n\t\t\t\t\t\t\t<div class=\"elementor-spacer\">\n\t\t\t<div class=\"elementor-spacer-inner\"><\/div>\n\t\t<\/div>\n\t\t\t\t\t\t<\/div>\n\t\t\t\t<\/div>\n\t\t\t\t<div class=\"elementor-element elementor-element-5a3546e elementor-widget elementor-widget-testimonial\" data-id=\"5a3546e\" data-element_type=\"widget\" data-widget_type=\"testimonial.default\">\n\t\t\t\t<div class=\"elementor-widget-container\">\n\t\t\t\t\t\t\t<div class=\"elementor-testimonial-wrapper\">\n\t\t\t\t\t\t\t<div class=\"elementor-testimonial-content\">\u201dEtt program som varje barndietist som jobbar med parenteral och\/eller enteral nutrition borde ha tillg\u00e5ng till.\u201d<\/div>\n\t\t\t\n\t\t\t\t\t\t<div class=\"elementor-testimonial-meta elementor-has-image elementor-testimonial-image-position-aside\">\n\t\t\t\t<div class=\"elementor-testimonial-meta-inner\">\n\t\t\t\t\t\t\t\t\t\t\t<div class=\"elementor-testimonial-image\">\n\t\t\t\t\t\t\t<img decoding=\"async\" src=\"https:\/\/www.nutrium.se\/wp-content\/plugins\/elementor\/assets\/images\/placeholder.png\" title=\"\" alt=\"\" loading=\"lazy\" \/>\t\t\t\t\t\t<\/div>\n\t\t\t\t\t\n\t\t\t\t\t\t\t\t\t\t<div class=\"elementor-testimonial-details\">\n\t\t\t\t\t\t\t\t\t\t\t\t\t\t<div class=\"elementor-testimonial-name\">Vera Westin, leg. dietist<\/div>\n\t\t\t\t\t\t\t\t\t\t\t\t\t\t\t\t\t\t\t\t\t\t<div class=\"elementor-testimonial-job\">Neonatalenheten, Karolinska Sjukhuset<\/div>\n\t\t\t\t\t\t\t\t\t\t\t\t\t<\/div>\n\t\t\t\t\t\t\t\t\t<\/div>\n\t\t\t<\/div>\n\t\t\t\t\t<\/div>\n\t\t\t\t\t\t<\/div>\n\t\t\t\t<\/div>\n\t\t\t\t<div class=\"elementor-element elementor-element-9f3282a elementor-widget elementor-widget-spacer\" data-id=\"9f3282a\" data-element_type=\"widget\" data-widget_type=\"spacer.default\">\n\t\t\t\t<div class=\"elementor-widget-container\">\n\t\t\t\t\t\t\t<div class=\"elementor-spacer\">\n\t\t\t<div class=\"elementor-spacer-inner\"><\/div>\n\t\t<\/div>\n\t\t\t\t\t\t<\/div>\n\t\t\t\t<\/div>\n\t\t\t\t<div class=\"elementor-element elementor-element-0ef6499 elementor-widget elementor-widget-testimonial\" data-id=\"0ef6499\" data-element_type=\"widget\" data-widget_type=\"testimonial.default\">\n\t\t\t\t<div class=\"elementor-widget-container\">\n\t\t\t\t\t\t\t<div class=\"elementor-testimonial-wrapper\">\n\t\t\t\t\t\t\t<div class=\"elementor-testimonial-content\">\"Vi hade inte f\u00f6rv\u00e4ntat oss hur mycket Nutrium-programmet skulle hj\u00e4lpa oss och vilka positiva resultat det skulle ge.\"<\/div>\n\t\t\t\n\t\t\t\t\t\t<div class=\"elementor-testimonial-meta elementor-has-image elementor-testimonial-image-position-aside\">\n\t\t\t\t<div class=\"elementor-testimonial-meta-inner\">\n\t\t\t\t\t\t\t\t\t\t\t<div class=\"elementor-testimonial-image\">\n\t\t\t\t\t\t\t<img decoding=\"async\" src=\"https:\/\/www.nutrium.se\/wp-content\/plugins\/elementor\/assets\/images\/placeholder.png\" title=\"\" alt=\"\" loading=\"lazy\" \/>\t\t\t\t\t\t<\/div>\n\t\t\t\t\t\n\t\t\t\t\t\t\t\t\t\t<div class=\"elementor-testimonial-details\">\n\t\t\t\t\t\t\t\t\t\t\t\t\t\t<div class=\"elementor-testimonial-name\">Jiri Dusek, MD<\/div>\n\t\t\t\t\t\t\t\t\t\t\t\t\t\t\t\t\t\t\t\t\t\t<div class=\"elementor-testimonial-job\">Avdelningschef Neonatalavdelningen, \u010cesk\u00e9 Bud\u011bjovice<\/div>\n\t\t\t\t\t\t\t\t\t\t\t\t\t<\/div>\n\t\t\t\t\t\t\t\t\t<\/div>\n\t\t\t<\/div>\n\t\t\t\t\t<\/div>\n\t\t\t\t\t\t<\/div>\n\t\t\t\t<\/div>\n\t\t\t\t<div class=\"elementor-element elementor-element-d70a886 elementor-widget elementor-widget-spacer\" data-id=\"d70a886\" data-element_type=\"widget\" data-widget_type=\"spacer.default\">\n\t\t\t\t<div class=\"elementor-widget-container\">\n\t\t\t\t\t\t\t<div class=\"elementor-spacer\">\n\t\t\t<div class=\"elementor-spacer-inner\"><\/div>\n\t\t<\/div>\n\t\t\t\t\t\t<\/div>\n\t\t\t\t<\/div>\n\t\t\t\t<div class=\"elementor-element elementor-element-803c82a elementor-widget elementor-widget-testimonial\" data-id=\"803c82a\" data-element_type=\"widget\" data-widget_type=\"testimonial.default\">\n\t\t\t\t<div class=\"elementor-widget-container\">\n\t\t\t\t\t\t\t<div class=\"elementor-testimonial-wrapper\">\n\t\t\t\t\t\t\t<div class=\"elementor-testimonial-content\">\"Sedan vi b\u00f6rjade anv\u00e4nda Nutrium har vi f\u00e5tt en mycket b\u00e4ttre \u00f6verblick \u00f6ver v\u00e5ra barns n\u00e4ringsintag och tillv\u00e4xt.\"<\/div>\n\t\t\t\n\t\t\t\t\t\t<div class=\"elementor-testimonial-meta elementor-has-image elementor-testimonial-image-position-aside\">\n\t\t\t\t<div class=\"elementor-testimonial-meta-inner\">\n\t\t\t\t\t\t\t\t\t\t\t<div class=\"elementor-testimonial-image\">\n\t\t\t\t\t\t\t<img decoding=\"async\" src=\"https:\/\/www.nutrium.se\/wp-content\/plugins\/elementor\/assets\/images\/placeholder.png\" title=\"\" alt=\"\" loading=\"lazy\" \/>\t\t\t\t\t\t<\/div>\n\t\t\t\t\t\n\t\t\t\t\t\t\t\t\t\t<div class=\"elementor-testimonial-details\">\n\t\t\t\t\t\t\t\t\t\t\t\t\t\t<div class=\"elementor-testimonial-name\">Ulla Cederholm, leg. dietist<\/div>\n\t\t\t\t\t\t\t\t\t\t\t\t\t\t\t\t\t\t\t\t\t\t<div class=\"elementor-testimonial-job\">Neonatalenheten, Falun<\/div>\n\t\t\t\t\t\t\t\t\t\t\t\t\t<\/div>\n\t\t\t\t\t\t\t\t\t<\/div>\n\t\t\t<\/div>\n\t\t\t\t\t<\/div>\n\t\t\t\t\t\t<\/div>\n\t\t\t\t<\/div>\n\t\t\t\t<div class=\"elementor-element elementor-element-b00f059 elementor-widget elementor-widget-spacer\" data-id=\"b00f059\" data-element_type=\"widget\" data-widget_type=\"spacer.default\">\n\t\t\t\t<div class=\"elementor-widget-container\">\n\t\t\t\t\t\t\t<div class=\"elementor-spacer\">\n\t\t\t<div class=\"elementor-spacer-inner\"><\/div>\n\t\t<\/div>\n\t\t\t\t\t\t<\/div>\n\t\t\t\t<\/div>\n\t\t\t\t<\/div>\n\t\t<div class=\"elementor-element elementor-element-33d901d e-con-full e-flex e-con e-child\" data-id=\"33d901d\" data-element_type=\"container\" data-settings=\"{&quot;background_background&quot;:&quot;classic&quot;}\">\n\t\t\t\t<div class=\"elementor-element elementor-element-250b2e5 elementor-widget elementor-widget-spacer\" data-id=\"250b2e5\" data-element_type=\"widget\" data-widget_type=\"spacer.default\">\n\t\t\t\t<div class=\"elementor-widget-container\">\n\t\t\t\t\t\t\t<div class=\"elementor-spacer\">\n\t\t\t<div class=\"elementor-spacer-inner\"><\/div>\n\t\t<\/div>\n\t\t\t\t\t\t<\/div>\n\t\t\t\t<\/div>\n\t\t\t\t<div class=\"elementor-element elementor-element-385dab6 elementor-widget elementor-widget-image\" data-id=\"385dab6\" data-element_type=\"widget\" data-widget_type=\"image.default\">\n\t\t\t\t<div class=\"elementor-widget-container\">\n\t\t\t\t\t\t\t\t\t\t\t\t\t\t\t<img decoding=\"async\" width=\"576\" height=\"1024\" src=\"https:\/\/www.nutrium.se\/wp-content\/uploads\/file-3.jpg\" class=\"attachment-large size-large wp-image-1338\" alt=\"\" \/>\t\t\t\t\t\t\t\t\t\t\t\t\t\t\t<\/div>\n\t\t\t\t<\/div>\n\t\t\t\t<\/div>\n\t\t\t\t\t<\/div>\n\t\t\t\t<\/div>\n\t\t\t\t<\/div>\n\t\t","protected":false},"excerpt":{"rendered":"<p>Nutrium &#8211; F\u00f6r neonatal nutrition och tillv\u00e4xt \u00c4ven med dagens avancerade neonatalv\u00e5rd kan det vara en utmaning att s\u00e4kerst\u00e4lla optimal nutrition och tillv\u00e4xt hos f\u00f6r tidigt f\u00f6dda och sjuka nyf\u00f6dda. Tills nu. Nutrium revolutionerar neonatalv\u00e5rden genom att erbjuda ett unikt IT-system f\u00f6r kliniskt st\u00f6d och uppf\u00f6ljning av nutrition och tillv\u00e4xt. Systemet anv\u00e4nds av l\u00e4kare, dietister, [&hellip;]<\/p>\n","protected":false},"author":3,"featured_media":0,"parent":0,"menu_order":0,"comment_status":"closed","ping_status":"closed","template":"","meta":{"ocean_post_layout":"right-sidebar","ocean_both_sidebars_style":"","ocean_both_sidebars_content_width":0,"ocean_both_sidebars_sidebars_width":0,"ocean_sidebar":"","ocean_second_sidebar":"","ocean_disable_margins":"enable","ocean_add_body_class":"","ocean_shortcode_before_top_bar":"","ocean_shortcode_after_top_bar":"","ocean_shortcode_before_header":"","ocean_shortcode_after_header":"","ocean_has_shortcode":"","ocean_shortcode_after_title":"","ocean_shortcode_before_footer_widgets":"","ocean_shortcode_after_footer_widgets":"","ocean_shortcode_before_footer_bottom":"","ocean_shortcode_after_footer_bottom":"","ocean_display_top_bar":"default","ocean_display_header":"default","ocean_header_style":"","ocean_center_header_left_menu":"","ocean_custom_header_template":"","ocean_custom_logo":0,"ocean_custom_retina_logo":0,"ocean_custom_logo_max_width":0,"ocean_custom_logo_tablet_max_width":0,"ocean_custom_logo_mobile_max_width":0,"ocean_custom_logo_max_height":0,"ocean_custom_logo_tablet_max_height":0,"ocean_custom_logo_mobile_max_height":0,"ocean_header_custom_menu":"","ocean_menu_typo_font_family":"","ocean_menu_typo_font_subset":"","ocean_menu_typo_font_size":0,"ocean_menu_typo_font_size_tablet":0,"ocean_menu_typo_font_size_mobile":0,"ocean_menu_typo_font_size_unit":"px","ocean_menu_typo_font_weight":"","ocean_menu_typo_font_weight_tablet":"","ocean_menu_typo_font_weight_mobile":"","ocean_menu_typo_transform":"","ocean_menu_typo_transform_tablet":"","ocean_menu_typo_transform_mobile":"","ocean_menu_typo_line_height":0,"ocean_menu_typo_line_height_tablet":0,"ocean_menu_typo_line_height_mobile":0,"ocean_menu_typo_line_height_unit":"","ocean_menu_typo_spacing":0,"ocean_menu_typo_spacing_tablet":0,"ocean_menu_typo_spacing_mobile":0,"ocean_menu_typo_spacing_unit":"","ocean_menu_link_color":"","ocean_menu_link_color_hover":"","ocean_menu_link_color_active":"","ocean_menu_link_background":"","ocean_menu_link_hover_background":"","ocean_menu_link_active_background":"","ocean_menu_social_links_bg":"","ocean_menu_social_hover_links_bg":"","ocean_menu_social_links_color":"","ocean_menu_social_hover_links_color":"","ocean_disable_title":"default","ocean_disable_heading":"default","ocean_post_title":"","ocean_post_subheading":"","ocean_post_title_style":"","ocean_post_title_background_color":"","ocean_post_title_background":0,"ocean_post_title_bg_image_position":"","ocean_post_title_bg_image_attachment":"","ocean_post_title_bg_image_repeat":"","ocean_post_title_bg_image_size":"","ocean_post_title_height":0,"ocean_post_title_bg_overlay":0.5,"ocean_post_title_bg_overlay_color":"","ocean_disable_breadcrumbs":"default","ocean_breadcrumbs_color":"","ocean_breadcrumbs_separator_color":"","ocean_breadcrumbs_links_color":"","ocean_breadcrumbs_links_hover_color":"","ocean_display_footer_widgets":"default","ocean_display_footer_bottom":"default","ocean_custom_footer_template":"","footnotes":""},"class_list":["post-1090","page","type-page","status-publish","hentry","entry"],"_links":{"self":[{"href":"https:\/\/www.nutrium.se\/index.php?rest_route=\/wp\/v2\/pages\/1090","targetHints":{"allow":["GET"]}}],"collection":[{"href":"https:\/\/www.nutrium.se\/index.php?rest_route=\/wp\/v2\/pages"}],"about":[{"href":"https:\/\/www.nutrium.se\/index.php?rest_route=\/wp\/v2\/types\/page"}],"author":[{"embeddable":true,"href":"https:\/\/www.nutrium.se\/index.php?rest_route=\/wp\/v2\/users\/3"}],"replies":[{"embeddable":true,"href":"https:\/\/www.nutrium.se\/index.php?rest_route=%2Fwp%2Fv2%2Fcomments&post=1090"}],"version-history":[{"count":113,"href":"https:\/\/www.nutrium.se\/index.php?rest_route=\/wp\/v2\/pages\/1090\/revisions"}],"predecessor-version":[{"id":1504,"href":"https:\/\/www.nutrium.se\/index.php?rest_route=\/wp\/v2\/pages\/1090\/revisions\/1504"}],"wp:attachment":[{"href":"https:\/\/www.nutrium.se\/index.php?rest_route=%2Fwp%2Fv2%2Fmedia&parent=1090"}],"curies":[{"name":"wp","href":"https:\/\/api.w.org\/{rel}","templated":true}]}}